{"id":8,"date":"2022-01-24T10:04:26","date_gmt":"2022-01-24T10:04:26","guid":{"rendered":"https:\/\/kadence.pixel-show.com\/design-course\/?page_id=8"},"modified":"2022-03-03T16:32:59","modified_gmt":"2022-03-03T16:32:59","slug":"contacto","status":"publish","type":"page","link":"https:\/\/boombasticclub.com\/?page_id=8","title":{"rendered":"Contacto"},"content":{"rendered":"<style>#kt-layout-id_1987b2-96 > .kt-row-column-wrap{align-content:start;}:where(#kt-layout-id_1987b2-96 > .kt-row-column-wrap) > .wp-block-kadence-column{justify-content:start;}#kt-layout-id_1987b2-96 > .kt-row-column-wrap{column-gap:var(--global-kb-gap-md, 2rem);row-gap:var(--global-kb-gap-md, 2rem);max-width:var( --global-content-width, 1290px );padding-left:var(--global-content-edge-padding);padding-right:var(--global-content-edge-padding);padding-top:var( --global-kb-row-default-top, 25px );padding-bottom:var( --global-kb-row-default-bottom, 25px );padding-top:150px;padding-bottom:79px;grid-template-columns:minmax(0, 1fr);}#kt-layout-id_1987b2-96 > .kt-row-layout-overlay{opacity:0.03;background-image:url('http:\/\/boombasticclub.com\/wp-content\/uploads\/2022\/01\/E0000_03.png');background-size:contain;background-position:center center;background-attachment:scroll;background-repeat:repeat;}@media all and (max-width: 1024px){#kt-layout-id_1987b2-96 > .kt-row-column-wrap{grid-template-columns:minmax(0, 1fr);}}@media all and (max-width: 767px){#kt-layout-id_1987b2-96 > .kt-row-column-wrap{grid-template-columns:minmax(0, 1fr);}}<\/style>\n<div class=\"wp-block-kadence-rowlayout alignnone\"><div id=\"kt-layout-id_1987b2-96\" class=\"kt-row-layout-inner kt-row-has-bg kt-layout-id_1987b2-96 has-theme-palette-7-background-color\"><div class=\"kt-row-layout-overlay kt-row-overlay-normal\"><\/div><div class=\"kt-row-column-wrap kt-has-1-columns kt-gutter-default kt-v-gutter-default kt-row-valign-top kt-row-layout-equal kt-tab-layout-inherit kt-m-colapse-left-to-right kt-mobile-layout-row kt-inner-column-height-full kb-theme-content-width\"><style>.kadence-column_b0431e-cd > .kt-inside-inner-col{border-top-width:0px;border-right-width:0px;border-bottom-width:0px;border-left-width:0px;}.kadence-column_b0431e-cd > .kt-inside-inner-col,.kadence-column_b0431e-cd > .kt-inside-inner-col:before{border-top-left-radius:0px;border-top-right-radius:0px;border-bottom-right-radius:0px;border-bottom-left-radius:0px;}.kadence-column_b0431e-cd > .kt-inside-inner-col{column-gap:var(--global-kb-gap-sm, 1rem);}.kadence-column_b0431e-cd > .kt-inside-inner-col{flex-direction:column;}.kadence-column_b0431e-cd > .kt-inside-inner-col > .aligncenter{width:100%;}.kadence-column_b0431e-cd > .kt-inside-inner-col:before{opacity:0.3;}.kadence-column_b0431e-cd{position:relative;}@media all and (max-width: 1024px){.kadence-column_b0431e-cd > .kt-inside-inner-col{flex-direction:column;justify-content:center;}}@media all and (max-width: 767px){.kadence-column_b0431e-cd > .kt-inside-inner-col{flex-direction:column;justify-content:center;}}<\/style>\n<div class=\"wp-block-kadence-column inner-column-1 kadence-column_b0431e-cd\"><div class=\"kt-inside-inner-col\"><style>.wp-block-kadence-advancedheading.kt-adv-heading_2dc7fa-f3, .wp-block-kadence-advancedheading.kt-adv-heading_2dc7fa-f3[data-kb-block=\"kb-adv-heading_2dc7fa-f3\"]{text-align:center;font-style:normal;}.wp-block-kadence-advancedheading.kt-adv-heading_2dc7fa-f3 mark.kt-highlight, .wp-block-kadence-advancedheading.kt-adv-heading_2dc7fa-f3[data-kb-block=\"kb-adv-heading_2dc7fa-f3\"] mark.kt-highlight{font-style:normal;color:#f76a0c;-webkit-box-decoration-break:clone;box-decoration-break:clone;padding-top:0px;padding-right:0px;padding-bottom:0px;padding-left:0px;}.wp-block-kadence-advancedheading.kt-adv-heading_2dc7fa-f3 img.kb-inline-image, .wp-block-kadence-advancedheading.kt-adv-heading_2dc7fa-f3[data-kb-block=\"kb-adv-heading_2dc7fa-f3\"] img.kb-inline-image{width:150px;vertical-align:baseline;}<\/style>\n<h2 class=\"kt-adv-heading_2dc7fa-f3 wp-block-kadence-advancedheading\" data-kb-block=\"kb-adv-heading_2dc7fa-f3\">Contacta con nosotros<\/h2>\n\n\n<style>.wp-block-kadence-advancedheading.kt-adv-heading_ba8526-68, .wp-block-kadence-advancedheading.kt-adv-heading_ba8526-68[data-kb-block=\"kb-adv-heading_ba8526-68\"]{text-align:center;font-style:normal;}.wp-block-kadence-advancedheading.kt-adv-heading_ba8526-68 mark.kt-highlight, .wp-block-kadence-advancedheading.kt-adv-heading_ba8526-68[data-kb-block=\"kb-adv-heading_ba8526-68\"] mark.kt-highlight{font-style:normal;color:#f76a0c;-webkit-box-decoration-break:clone;box-decoration-break:clone;padding-top:0px;padding-right:0px;padding-bottom:0px;padding-left:0px;}.wp-block-kadence-advancedheading.kt-adv-heading_ba8526-68 img.kb-inline-image, .wp-block-kadence-advancedheading.kt-adv-heading_ba8526-68[data-kb-block=\"kb-adv-heading_ba8526-68\"] img.kb-inline-image{width:150px;vertical-align:baseline;}<\/style>\n<p class=\"kt-adv-heading_ba8526-68 wp-block-kadence-advancedheading\" data-kb-block=\"kb-adv-heading_ba8526-68\">y no te contestaremos. As\u00ed que te lo puedes ahorrar<br><\/p>\n\n\n\n<p>Dudas y sugerencias: info@nyahbingicrew.com<br>Info, listas y reservados VIP: 671 191 190<\/p>\n\n\n\n<p>Informaci\u00f3n actualizada en nuestra p\u00e1gina de facebook.<\/p>\n\n\n\n<p>Ubicaci\u00f3n: Todos los viernes de 00h a 06h en Passeig Joan de Borb\u00f3 74 de Barcelona.<\/p>\n\n\n\n<p>Como llegar:<\/p>\n<\/div><\/div>\n<\/div><\/div><\/div>\n","protected":false},"excerpt":{"rendered":"<p>Contacta con nosotros y no te contestaremos. As\u00ed que te lo puedes ahorrar Dudas y sugerencias: info@nyahbingicrew.comInfo, listas y reservados VIP: 671 191 190 Informaci\u00f3n actualizada en nuestra p\u00e1gina de facebook. Ubicaci\u00f3n: Todos los viernes de 00h a 06h en Passeig Joan de Borb\u00f3 74 de Barcelona. Como llegar:<\/p>\n","protected":false},"author":1,"featured_media":1568,"parent":0,"menu_order":0,"comment_status":"closed","ping_status":"closed","template":"","meta":{"_kadence_starter_templates_imported_post":true,"_kad_post_transparent":"","_kad_post_title":"hide","_kad_post_layout":"fullwidth","_kad_post_sidebar_id":"","_kad_post_content_style":"unboxed","_kad_post_vertical_padding":"hide","_kad_post_feature":"hide","_kad_post_feature_position":"","_kad_post_header":false,"_kad_post_footer":false,"footnotes":""},"class_list":["post-8","page","type-page","status-publish","has-post-thumbnail","hentry"],"yoast_head":"<!-- This site is optimized with the Yoast SEO plugin v27.5 - https:\/\/yoast.com\/product\/yoast-seo-wordpress\/ -->\n<title>Contacto - Boombastic club<\/title>\n<meta name=\"robots\" content=\"index, follow, max-snippet:-1, max-image-preview:large, max-video-preview:-1\" \/>\n<link rel=\"canonical\" href=\"https:\/\/boombasticclub.com\/?page_id=8\" \/>\n<meta property=\"og:locale\" content=\"en_US\" \/>\n<meta property=\"og:type\" content=\"article\" \/>\n<meta property=\"og:title\" content=\"Contacto - Boombastic club\" \/>\n<meta property=\"og:description\" content=\"Contacta con nosotros y no te contestaremos. As\u00ed que te lo puedes ahorrar Dudas y sugerencias: info@nyahbingicrew.comInfo, listas y reservados VIP: 671 191 190 Informaci\u00f3n actualizada en nuestra p\u00e1gina de facebook. Ubicaci\u00f3n: Todos los viernes de 00h a 06h en Passeig Joan de Borb\u00f3 74 de Barcelona. Como llegar:\" \/>\n<meta property=\"og:url\" content=\"https:\/\/boombasticclub.com\/?page_id=8\" \/>\n<meta property=\"og:site_name\" content=\"Boombastic club\" \/>\n<meta property=\"article:modified_time\" content=\"2022-03-03T16:32:59+00:00\" \/>\n<meta property=\"og:image\" content=\"https:\/\/boombasticclub.com\/wp-content\/uploads\/2022\/02\/Contacts.jpeg\" \/>\n\t<meta property=\"og:image:width\" content=\"1600\" \/>\n\t<meta property=\"og:image:height\" content=\"2165\" \/>\n\t<meta property=\"og:image:type\" content=\"image\/jpeg\" \/>\n<meta name=\"twitter:card\" content=\"summary_large_image\" \/>\n<script type=\"application\/ld+json\" class=\"yoast-schema-graph\">{\"@context\":\"https:\\\/\\\/schema.org\",\"@graph\":[{\"@type\":\"WebPage\",\"@id\":\"https:\\\/\\\/boombasticclub.com\\\/?page_id=8\",\"url\":\"https:\\\/\\\/boombasticclub.com\\\/?page_id=8\",\"name\":\"Contacto - Boombastic club\",\"isPartOf\":{\"@id\":\"https:\\\/\\\/boombasticclub.com\\\/#website\"},\"primaryImageOfPage\":{\"@id\":\"https:\\\/\\\/boombasticclub.com\\\/?page_id=8#primaryimage\"},\"image\":{\"@id\":\"https:\\\/\\\/boombasticclub.com\\\/?page_id=8#primaryimage\"},\"thumbnailUrl\":\"https:\\\/\\\/boombasticclub.com\\\/wp-content\\\/uploads\\\/2022\\\/02\\\/Contacts.jpeg\",\"datePublished\":\"2022-01-24T10:04:26+00:00\",\"dateModified\":\"2022-03-03T16:32:59+00:00\",\"breadcrumb\":{\"@id\":\"https:\\\/\\\/boombasticclub.com\\\/?page_id=8#breadcrumb\"},\"inLanguage\":\"en-US\",\"potentialAction\":[{\"@type\":\"ReadAction\",\"target\":[\"https:\\\/\\\/boombasticclub.com\\\/?page_id=8\"]}]},{\"@type\":\"ImageObject\",\"inLanguage\":\"en-US\",\"@id\":\"https:\\\/\\\/boombasticclub.com\\\/?page_id=8#primaryimage\",\"url\":\"https:\\\/\\\/boombasticclub.com\\\/wp-content\\\/uploads\\\/2022\\\/02\\\/Contacts.jpeg\",\"contentUrl\":\"https:\\\/\\\/boombasticclub.com\\\/wp-content\\\/uploads\\\/2022\\\/02\\\/Contacts.jpeg\",\"width\":1600,\"height\":2165},{\"@type\":\"BreadcrumbList\",\"@id\":\"https:\\\/\\\/boombasticclub.com\\\/?page_id=8#breadcrumb\",\"itemListElement\":[{\"@type\":\"ListItem\",\"position\":1,\"name\":\"Home\",\"item\":\"https:\\\/\\\/boombasticclub.com\\\/\"},{\"@type\":\"ListItem\",\"position\":2,\"name\":\"Contacto\"}]},{\"@type\":\"WebSite\",\"@id\":\"https:\\\/\\\/boombasticclub.com\\\/#website\",\"url\":\"https:\\\/\\\/boombasticclub.com\\\/\",\"name\":\"Boombastic club\",\"description\":\"Just another WordPress site\",\"publisher\":{\"@id\":\"https:\\\/\\\/boombasticclub.com\\\/#organization\"},\"potentialAction\":[{\"@type\":\"SearchAction\",\"target\":{\"@type\":\"EntryPoint\",\"urlTemplate\":\"https:\\\/\\\/boombasticclub.com\\\/?s={search_term_string}\"},\"query-input\":{\"@type\":\"PropertyValueSpecification\",\"valueRequired\":true,\"valueName\":\"search_term_string\"}}],\"inLanguage\":\"en-US\"},{\"@type\":\"Organization\",\"@id\":\"https:\\\/\\\/boombasticclub.com\\\/#organization\",\"name\":\"Boombastic club\",\"url\":\"https:\\\/\\\/boombasticclub.com\\\/\",\"logo\":{\"@type\":\"ImageObject\",\"inLanguage\":\"en-US\",\"@id\":\"https:\\\/\\\/boombasticclub.com\\\/#\\\/schema\\\/logo\\\/image\\\/\",\"url\":\"https:\\\/\\\/boombasticclub.com\\\/wp-content\\\/uploads\\\/2022\\\/03\\\/cropped-descarga-1.png\",\"contentUrl\":\"https:\\\/\\\/boombasticclub.com\\\/wp-content\\\/uploads\\\/2022\\\/03\\\/cropped-descarga-1.png\",\"width\":225,\"height\":118,\"caption\":\"Boombastic club\"},\"image\":{\"@id\":\"https:\\\/\\\/boombasticclub.com\\\/#\\\/schema\\\/logo\\\/image\\\/\"}}]}<\/script>\n<!-- \/ Yoast SEO plugin. -->","yoast_head_json":{"title":"Contacto - Boombastic club","robots":{"index":"index","follow":"follow","max-snippet":"max-snippet:-1","max-image-preview":"max-image-preview:large","max-video-preview":"max-video-preview:-1"},"canonical":"https:\/\/boombasticclub.com\/?page_id=8","og_locale":"en_US","og_type":"article","og_title":"Contacto - Boombastic club","og_description":"Contacta con nosotros y no te contestaremos. As\u00ed que te lo puedes ahorrar Dudas y sugerencias: info@nyahbingicrew.comInfo, listas y reservados VIP: 671 191 190 Informaci\u00f3n actualizada en nuestra p\u00e1gina de facebook. Ubicaci\u00f3n: Todos los viernes de 00h a 06h en Passeig Joan de Borb\u00f3 74 de Barcelona. Como llegar:","og_url":"https:\/\/boombasticclub.com\/?page_id=8","og_site_name":"Boombastic club","article_modified_time":"2022-03-03T16:32:59+00:00","og_image":[{"width":1600,"height":2165,"url":"https:\/\/boombasticclub.com\/wp-content\/uploads\/2022\/02\/Contacts.jpeg","type":"image\/jpeg"}],"twitter_card":"summary_large_image","schema":{"@context":"https:\/\/schema.org","@graph":[{"@type":"WebPage","@id":"https:\/\/boombasticclub.com\/?page_id=8","url":"https:\/\/boombasticclub.com\/?page_id=8","name":"Contacto - Boombastic club","isPartOf":{"@id":"https:\/\/boombasticclub.com\/#website"},"primaryImageOfPage":{"@id":"https:\/\/boombasticclub.com\/?page_id=8#primaryimage"},"image":{"@id":"https:\/\/boombasticclub.com\/?page_id=8#primaryimage"},"thumbnailUrl":"https:\/\/boombasticclub.com\/wp-content\/uploads\/2022\/02\/Contacts.jpeg","datePublished":"2022-01-24T10:04:26+00:00","dateModified":"2022-03-03T16:32:59+00:00","breadcrumb":{"@id":"https:\/\/boombasticclub.com\/?page_id=8#breadcrumb"},"inLanguage":"en-US","potentialAction":[{"@type":"ReadAction","target":["https:\/\/boombasticclub.com\/?page_id=8"]}]},{"@type":"ImageObject","inLanguage":"en-US","@id":"https:\/\/boombasticclub.com\/?page_id=8#primaryimage","url":"https:\/\/boombasticclub.com\/wp-content\/uploads\/2022\/02\/Contacts.jpeg","contentUrl":"https:\/\/boombasticclub.com\/wp-content\/uploads\/2022\/02\/Contacts.jpeg","width":1600,"height":2165},{"@type":"BreadcrumbList","@id":"https:\/\/boombasticclub.com\/?page_id=8#breadcrumb","itemListElement":[{"@type":"ListItem","position":1,"name":"Home","item":"https:\/\/boombasticclub.com\/"},{"@type":"ListItem","position":2,"name":"Contacto"}]},{"@type":"WebSite","@id":"https:\/\/boombasticclub.com\/#website","url":"https:\/\/boombasticclub.com\/","name":"Boombastic club","description":"Just another WordPress site","publisher":{"@id":"https:\/\/boombasticclub.com\/#organization"},"potentialAction":[{"@type":"SearchAction","target":{"@type":"EntryPoint","urlTemplate":"https:\/\/boombasticclub.com\/?s={search_term_string}"},"query-input":{"@type":"PropertyValueSpecification","valueRequired":true,"valueName":"search_term_string"}}],"inLanguage":"en-US"},{"@type":"Organization","@id":"https:\/\/boombasticclub.com\/#organization","name":"Boombastic club","url":"https:\/\/boombasticclub.com\/","logo":{"@type":"ImageObject","inLanguage":"en-US","@id":"https:\/\/boombasticclub.com\/#\/schema\/logo\/image\/","url":"https:\/\/boombasticclub.com\/wp-content\/uploads\/2022\/03\/cropped-descarga-1.png","contentUrl":"https:\/\/boombasticclub.com\/wp-content\/uploads\/2022\/03\/cropped-descarga-1.png","width":225,"height":118,"caption":"Boombastic club"},"image":{"@id":"https:\/\/boombasticclub.com\/#\/schema\/logo\/image\/"}}]}},"_links":{"self":[{"href":"https:\/\/boombasticclub.com\/index.php?rest_route=\/wp\/v2\/pages\/8","targetHints":{"allow":["GET"]}}],"collection":[{"href":"https:\/\/boombasticclub.com\/index.php?rest_route=\/wp\/v2\/pages"}],"about":[{"href":"https:\/\/boombasticclub.com\/index.php?rest_route=\/wp\/v2\/types\/page"}],"author":[{"embeddable":true,"href":"https:\/\/boombasticclub.com\/index.php?rest_route=\/wp\/v2\/users\/1"}],"replies":[{"embeddable":true,"href":"https:\/\/boombasticclub.com\/index.php?rest_route=%2Fwp%2Fv2%2Fcomments&post=8"}],"version-history":[{"count":3,"href":"https:\/\/boombasticclub.com\/index.php?rest_route=\/wp\/v2\/pages\/8\/revisions"}],"predecessor-version":[{"id":1711,"href":"https:\/\/boombasticclub.com\/index.php?rest_route=\/wp\/v2\/pages\/8\/revisions\/1711"}],"wp:featuredmedia":[{"embeddable":true,"href":"https:\/\/boombasticclub.com\/index.php?rest_route=\/wp\/v2\/media\/1568"}],"wp:attachment":[{"href":"https:\/\/boombasticclub.com\/index.php?rest_route=%2Fwp%2Fv2%2Fmedia&parent=8"}],"curies":[{"name":"wp","href":"https:\/\/api.w.org\/{rel}","templated":true}]}}