{"id":17,"date":"2022-01-24T10:05:07","date_gmt":"2022-01-24T10:05:07","guid":{"rendered":"https:\/\/kadence.pixel-show.com\/design-course\/?page_id=17"},"modified":"2022-06-14T15:46:53","modified_gmt":"2022-06-14T15:46:53","slug":"listavips","status":"publish","type":"page","link":"https:\/\/boombasticclub.com\/?page_id=17","title":{"rendered":"Lista &#038; Vips"},"content":{"rendered":"<style>#kt-layout-id_2412ca-4c > .kt-row-column-wrap{align-content:start;}:where(#kt-layout-id_2412ca-4c > .kt-row-column-wrap) > .wp-block-kadence-column{justify-content:start;}#kt-layout-id_2412ca-4c > .kt-row-column-wrap{column-gap:var(--global-kb-gap-md, 2rem);row-gap:var(--global-kb-gap-md, 2rem);max-width:var( --global-content-width, 1290px );padding-left:var(--global-content-edge-padding);padding-right:var(--global-content-edge-padding);padding-top:var( --global-kb-row-default-top, 25px );padding-bottom:var( --global-kb-row-default-bottom, 25px );padding-top:150px;padding-bottom:79px;grid-template-columns:minmax(0, 1fr);}#kt-layout-id_2412ca-4c > .kt-row-layout-overlay{opacity:0.03;background-image:url('http:\/\/boombasticclub.com\/wp-content\/uploads\/2022\/01\/E0000_03.png');background-size:contain;background-position:center center;background-attachment:scroll;background-repeat:repeat;}@media all and (max-width: 1024px){#kt-layout-id_2412ca-4c > .kt-row-column-wrap{grid-template-columns:minmax(0, 1fr);}}@media all and (max-width: 767px){#kt-layout-id_2412ca-4c > .kt-row-column-wrap{grid-template-columns:minmax(0, 1fr);}}<\/style>\n<div class=\"wp-block-kadence-rowlayout alignnone\"><div id=\"kt-layout-id_2412ca-4c\" class=\"kt-row-layout-inner kt-row-has-bg kt-layout-id_2412ca-4c has-theme-palette-7-background-color\"><div class=\"kt-row-layout-overlay kt-row-overlay-normal\"><\/div><div class=\"kt-row-column-wrap kt-has-1-columns kt-gutter-default kt-v-gutter-default kt-row-valign-top kt-row-layout-equal kt-tab-layout-inherit kt-m-colapse-left-to-right kt-mobile-layout-row kt-inner-column-height-full kb-theme-content-width\"><style>.kadence-column_c8a79a-a0 > .kt-inside-inner-col{border-top-width:0px;border-right-width:0px;border-bottom-width:0px;border-left-width:0px;}.kadence-column_c8a79a-a0 > .kt-inside-inner-col,.kadence-column_c8a79a-a0 > .kt-inside-inner-col:before{border-top-left-radius:0px;border-top-right-radius:0px;border-bottom-right-radius:0px;border-bottom-left-radius:0px;}.kadence-column_c8a79a-a0 > .kt-inside-inner-col{column-gap:var(--global-kb-gap-sm, 1rem);}.kadence-column_c8a79a-a0 > .kt-inside-inner-col{flex-direction:column;}.kadence-column_c8a79a-a0 > .kt-inside-inner-col > .aligncenter{width:100%;}.kadence-column_c8a79a-a0 > .kt-inside-inner-col:before{opacity:0.3;}.kadence-column_c8a79a-a0{position:relative;}@media all and (max-width: 1024px){.kadence-column_c8a79a-a0 > .kt-inside-inner-col{flex-direction:column;justify-content:center;}}@media all and (max-width: 767px){.kadence-column_c8a79a-a0 > .kt-inside-inner-col{flex-direction:column;justify-content:center;}}<\/style>\n<div class=\"wp-block-kadence-column inner-column-1 kadence-column_c8a79a-a0\"><div class=\"kt-inside-inner-col\"><style>.wp-block-kadence-advancedheading.kt-adv-heading_d34d5f-99, .wp-block-kadence-advancedheading.kt-adv-heading_d34d5f-99[data-kb-block=\"kb-adv-heading_d34d5f-99\"]{text-align:center;font-style:normal;}.wp-block-kadence-advancedheading.kt-adv-heading_d34d5f-99 mark.kt-highlight, .wp-block-kadence-advancedheading.kt-adv-heading_d34d5f-99[data-kb-block=\"kb-adv-heading_d34d5f-99\"] mark.kt-highlight{font-style:normal;color:#f76a0c;-webkit-box-decoration-break:clone;box-decoration-break:clone;padding-top:0px;padding-right:0px;padding-bottom:0px;padding-left:0px;}.wp-block-kadence-advancedheading.kt-adv-heading_d34d5f-99 img.kb-inline-image, .wp-block-kadence-advancedheading.kt-adv-heading_d34d5f-99[data-kb-block=\"kb-adv-heading_d34d5f-99\"] img.kb-inline-image{width:150px;vertical-align:baseline;}<\/style>\n<h2 class=\"kt-adv-heading_d34d5f-99 wp-block-kadence-advancedheading\" data-kb-block=\"kb-adv-heading_d34d5f-99\">Lista &amp; Vips<\/h2>\n\n\n\n<p>Listas<\/p>\n\n\n\n<p>Ap\u00fantate a nuestra lista gratuita hasta la 1:30 para cualquiera de nuestros eventos!<\/p>\n\n\n\n<p>YouBarcelona es una empresa especializada en ofrecerte listas para entrar GRATIS en las discotecas m\u00e1s destacadas de la ciudad condal. Para poder acceder de forma libre a las fiestas que se organizan en salas como Opium, CatWalk, City Hall, Bling Bling y un largo etc\u00e9tera, tan solo deber\u00e1s apuntarte a la Lista Isaac enviando un WhatsApp o un email.<\/p>\n\n\n\n<div class=\"wp-block-image\"><figure class=\"aligncenter size-full\"><img loading=\"lazy\" decoding=\"async\" width=\"550\" height=\"367\" src=\"http:\/\/boombasticclub.com\/wp-content\/uploads\/2022\/03\/boombastic-club-bcn-dancehall-3.jpg\" alt=\"\" class=\"wp-image-1705\" srcset=\"https:\/\/boombasticclub.com\/wp-content\/uploads\/2022\/03\/boombastic-club-bcn-dancehall-3.jpg 550w, https:\/\/boombasticclub.com\/wp-content\/uploads\/2022\/03\/boombastic-club-bcn-dancehall-3-300x200.jpg 300w\" sizes=\"auto, (max-width: 550px) 100vw, 550px\" \/><\/figure><\/div>\n\n\n\n<p>Gracias a YouBarcelona podr\u00e1s entrar de forma 100% gratuita a las mejores discotecas de Barcelona. Y, adem\u00e1s, tambi\u00e9n podr\u00e1s tener acceso a una gran variedad de experiencias como, por ejemplo, las mesas VIP o los lujosos packs de cumplea\u00f1os.<\/p>\n\n\n\n<p>Nombre y n\u00famero de acompa\u00f1antes(necessari)<br>Email(necessari)<br>Evento(necessari)<\/p>\n\n\n\n<p>09 Junio<br>Comentarios<br>Mesas VIP y reservados<\/p>\n\n\n\n<p>Con la\u00a0Lista Isaac\u00a0que ofrece YouBarcelona, tienes acceso gratuito a\u00a0Privilege Barcelona.<\/p>\n\n\n\n<p>\u00a1Ven y vive la experiencia!&nbsp;<\/p>\n\n\n\n<p>Tienes cuatro opciones distintas para apuntarte en Lista Isaac GRATIS:<\/p>\n\n\n\n<p>\u2022 Facebook Discotecas Barcelona &#8211; Lista Invitados \/ Guest List<\/p>\n\n\n\n<p>\u2022 Llama\/whatsapp al 697485000<\/p>\n\n\n\n<p>\u2022 E-mail listas@youbarcelona.com<\/p>\n\n\n\n<p>Reserva tu mesa VIP con botella en nuestra zona exclusiva ubicada en la planta superior del club y con vistas a toda la pista de baile. Tel\u00e9fono de reservas (whatsapp): 671191190. Venta anticipada con descuento en <a href=\"https:\/\/www.limusinaspremiumbarcelona.com\/alquiler-limusina-terrassa\/\"><mark style=\"background-color:rgba(0, 0, 0, 0)\" class=\"has-inline-color has-theme-palette-3-color\">terrassa<\/mark><\/a> aqu\u00ed.<\/p>\n<\/div><\/div>\n<\/div><\/div><\/div>\n","protected":false},"excerpt":{"rendered":"<p>Lista &amp; Vips Listas Ap\u00fantate a nuestra lista gratuita hasta la 1:30 para cualquiera de nuestros eventos! YouBarcelona es una empresa especializada en ofrecerte listas para entrar GRATIS en las discotecas m\u00e1s destacadas de la ciudad condal. Para poder acceder de forma libre a las fiestas que se organizan en salas como Opium, CatWalk, City&#8230;<\/p>\n","protected":false},"author":1,"featured_media":1630,"parent":0,"menu_order":0,"comment_status":"closed","ping_status":"closed","template":"","meta":{"_kadence_starter_templates_imported_post":true,"_kad_post_transparent":"","_kad_post_title":"hide","_kad_post_layout":"fullwidth","_kad_post_sidebar_id":"","_kad_post_content_style":"unboxed","_kad_post_vertical_padding":"hide","_kad_post_feature":"hide","_kad_post_feature_position":"","_kad_post_header":false,"_kad_post_footer":false,"footnotes":""},"class_list":["post-17","page","type-page","status-publish","has-post-thumbnail","hentry"],"yoast_head":"<!-- This site is optimized with the Yoast SEO plugin v27.5 - https:\/\/yoast.com\/product\/yoast-seo-wordpress\/ -->\n<title>Lista &amp; Vips - Boombastic club<\/title>\n<meta name=\"robots\" content=\"index, follow, max-snippet:-1, max-image-preview:large, max-video-preview:-1\" \/>\n<link rel=\"canonical\" href=\"https:\/\/boombasticclub.com\/?page_id=17\" \/>\n<meta property=\"og:locale\" content=\"en_US\" \/>\n<meta property=\"og:type\" content=\"article\" \/>\n<meta property=\"og:title\" content=\"Lista &amp; Vips - Boombastic club\" \/>\n<meta property=\"og:description\" content=\"Lista &amp; Vips Listas Ap\u00fantate a nuestra lista gratuita hasta la 1:30 para cualquiera de nuestros eventos! YouBarcelona es una empresa especializada en ofrecerte listas para entrar GRATIS en las discotecas m\u00e1s destacadas de la ciudad condal. Para poder acceder de forma libre a las fiestas que se organizan en salas como Opium, CatWalk, City...\" \/>\n<meta property=\"og:url\" content=\"https:\/\/boombasticclub.com\/?page_id=17\" \/>\n<meta property=\"og:site_name\" content=\"Boombastic club\" \/>\n<meta property=\"article:modified_time\" content=\"2022-06-14T15:46:53+00:00\" \/>\n<meta property=\"og:image\" content=\"http:\/\/boombasticclub.com\/wp-content\/uploads\/2022\/02\/Portfolio-2-scaled-1.jpeg\" \/>\n\t<meta property=\"og:image:width\" content=\"1276\" \/>\n\t<meta property=\"og:image:height\" content=\"2560\" \/>\n\t<meta property=\"og:image:type\" content=\"image\/jpeg\" \/>\n<meta name=\"twitter:card\" content=\"summary_large_image\" \/>\n<meta name=\"twitter:label1\" content=\"Est. reading time\" \/>\n\t<meta name=\"twitter:data1\" content=\"2 minutes\" \/>\n<script type=\"application\/ld+json\" class=\"yoast-schema-graph\">{\"@context\":\"https:\\\/\\\/schema.org\",\"@graph\":[{\"@type\":\"WebPage\",\"@id\":\"https:\\\/\\\/boombasticclub.com\\\/?page_id=17\",\"url\":\"https:\\\/\\\/boombasticclub.com\\\/?page_id=17\",\"name\":\"Lista & Vips - Boombastic club\",\"isPartOf\":{\"@id\":\"https:\\\/\\\/boombasticclub.com\\\/#website\"},\"primaryImageOfPage\":{\"@id\":\"https:\\\/\\\/boombasticclub.com\\\/?page_id=17#primaryimage\"},\"image\":{\"@id\":\"https:\\\/\\\/boombasticclub.com\\\/?page_id=17#primaryimage\"},\"thumbnailUrl\":\"https:\\\/\\\/boombasticclub.com\\\/wp-content\\\/uploads\\\/2022\\\/02\\\/Portfolio-2-scaled-1.jpeg\",\"datePublished\":\"2022-01-24T10:05:07+00:00\",\"dateModified\":\"2022-06-14T15:46:53+00:00\",\"breadcrumb\":{\"@id\":\"https:\\\/\\\/boombasticclub.com\\\/?page_id=17#breadcrumb\"},\"inLanguage\":\"en-US\",\"potentialAction\":[{\"@type\":\"ReadAction\",\"target\":[\"https:\\\/\\\/boombasticclub.com\\\/?page_id=17\"]}]},{\"@type\":\"ImageObject\",\"inLanguage\":\"en-US\",\"@id\":\"https:\\\/\\\/boombasticclub.com\\\/?page_id=17#primaryimage\",\"url\":\"https:\\\/\\\/boombasticclub.com\\\/wp-content\\\/uploads\\\/2022\\\/02\\\/Portfolio-2-scaled-1.jpeg\",\"contentUrl\":\"https:\\\/\\\/boombasticclub.com\\\/wp-content\\\/uploads\\\/2022\\\/02\\\/Portfolio-2-scaled-1.jpeg\",\"width\":1276,\"height\":2560},{\"@type\":\"BreadcrumbList\",\"@id\":\"https:\\\/\\\/boombasticclub.com\\\/?page_id=17#breadcrumb\",\"itemListElement\":[{\"@type\":\"ListItem\",\"position\":1,\"name\":\"Home\",\"item\":\"https:\\\/\\\/boombasticclub.com\\\/\"},{\"@type\":\"ListItem\",\"position\":2,\"name\":\"Lista &#038; Vips\"}]},{\"@type\":\"WebSite\",\"@id\":\"https:\\\/\\\/boombasticclub.com\\\/#website\",\"url\":\"https:\\\/\\\/boombasticclub.com\\\/\",\"name\":\"Boombastic club\",\"description\":\"Just another WordPress site\",\"publisher\":{\"@id\":\"https:\\\/\\\/boombasticclub.com\\\/#organization\"},\"potentialAction\":[{\"@type\":\"SearchAction\",\"target\":{\"@type\":\"EntryPoint\",\"urlTemplate\":\"https:\\\/\\\/boombasticclub.com\\\/?s={search_term_string}\"},\"query-input\":{\"@type\":\"PropertyValueSpecification\",\"valueRequired\":true,\"valueName\":\"search_term_string\"}}],\"inLanguage\":\"en-US\"},{\"@type\":\"Organization\",\"@id\":\"https:\\\/\\\/boombasticclub.com\\\/#organization\",\"name\":\"Boombastic club\",\"url\":\"https:\\\/\\\/boombasticclub.com\\\/\",\"logo\":{\"@type\":\"ImageObject\",\"inLanguage\":\"en-US\",\"@id\":\"https:\\\/\\\/boombasticclub.com\\\/#\\\/schema\\\/logo\\\/image\\\/\",\"url\":\"https:\\\/\\\/boombasticclub.com\\\/wp-content\\\/uploads\\\/2022\\\/03\\\/cropped-descarga-1.png\",\"contentUrl\":\"https:\\\/\\\/boombasticclub.com\\\/wp-content\\\/uploads\\\/2022\\\/03\\\/cropped-descarga-1.png\",\"width\":225,\"height\":118,\"caption\":\"Boombastic club\"},\"image\":{\"@id\":\"https:\\\/\\\/boombasticclub.com\\\/#\\\/schema\\\/logo\\\/image\\\/\"}}]}<\/script>\n<!-- \/ Yoast SEO plugin. -->","yoast_head_json":{"title":"Lista & Vips - Boombastic club","robots":{"index":"index","follow":"follow","max-snippet":"max-snippet:-1","max-image-preview":"max-image-preview:large","max-video-preview":"max-video-preview:-1"},"canonical":"https:\/\/boombasticclub.com\/?page_id=17","og_locale":"en_US","og_type":"article","og_title":"Lista & Vips - Boombastic club","og_description":"Lista &amp; Vips Listas Ap\u00fantate a nuestra lista gratuita hasta la 1:30 para cualquiera de nuestros eventos! YouBarcelona es una empresa especializada en ofrecerte listas para entrar GRATIS en las discotecas m\u00e1s destacadas de la ciudad condal. Para poder acceder de forma libre a las fiestas que se organizan en salas como Opium, CatWalk, City...","og_url":"https:\/\/boombasticclub.com\/?page_id=17","og_site_name":"Boombastic club","article_modified_time":"2022-06-14T15:46:53+00:00","og_image":[{"width":1276,"height":2560,"url":"http:\/\/boombasticclub.com\/wp-content\/uploads\/2022\/02\/Portfolio-2-scaled-1.jpeg","type":"image\/jpeg"}],"twitter_card":"summary_large_image","twitter_misc":{"Est. reading time":"2 minutes"},"schema":{"@context":"https:\/\/schema.org","@graph":[{"@type":"WebPage","@id":"https:\/\/boombasticclub.com\/?page_id=17","url":"https:\/\/boombasticclub.com\/?page_id=17","name":"Lista & Vips - Boombastic club","isPartOf":{"@id":"https:\/\/boombasticclub.com\/#website"},"primaryImageOfPage":{"@id":"https:\/\/boombasticclub.com\/?page_id=17#primaryimage"},"image":{"@id":"https:\/\/boombasticclub.com\/?page_id=17#primaryimage"},"thumbnailUrl":"https:\/\/boombasticclub.com\/wp-content\/uploads\/2022\/02\/Portfolio-2-scaled-1.jpeg","datePublished":"2022-01-24T10:05:07+00:00","dateModified":"2022-06-14T15:46:53+00:00","breadcrumb":{"@id":"https:\/\/boombasticclub.com\/?page_id=17#breadcrumb"},"inLanguage":"en-US","potentialAction":[{"@type":"ReadAction","target":["https:\/\/boombasticclub.com\/?page_id=17"]}]},{"@type":"ImageObject","inLanguage":"en-US","@id":"https:\/\/boombasticclub.com\/?page_id=17#primaryimage","url":"https:\/\/boombasticclub.com\/wp-content\/uploads\/2022\/02\/Portfolio-2-scaled-1.jpeg","contentUrl":"https:\/\/boombasticclub.com\/wp-content\/uploads\/2022\/02\/Portfolio-2-scaled-1.jpeg","width":1276,"height":2560},{"@type":"BreadcrumbList","@id":"https:\/\/boombasticclub.com\/?page_id=17#breadcrumb","itemListElement":[{"@type":"ListItem","position":1,"name":"Home","item":"https:\/\/boombasticclub.com\/"},{"@type":"ListItem","position":2,"name":"Lista &#038; Vips"}]},{"@type":"WebSite","@id":"https:\/\/boombasticclub.com\/#website","url":"https:\/\/boombasticclub.com\/","name":"Boombastic club","description":"Just another WordPress site","publisher":{"@id":"https:\/\/boombasticclub.com\/#organization"},"potentialAction":[{"@type":"SearchAction","target":{"@type":"EntryPoint","urlTemplate":"https:\/\/boombasticclub.com\/?s={search_term_string}"},"query-input":{"@type":"PropertyValueSpecification","valueRequired":true,"valueName":"search_term_string"}}],"inLanguage":"en-US"},{"@type":"Organization","@id":"https:\/\/boombasticclub.com\/#organization","name":"Boombastic club","url":"https:\/\/boombasticclub.com\/","logo":{"@type":"ImageObject","inLanguage":"en-US","@id":"https:\/\/boombasticclub.com\/#\/schema\/logo\/image\/","url":"https:\/\/boombasticclub.com\/wp-content\/uploads\/2022\/03\/cropped-descarga-1.png","contentUrl":"https:\/\/boombasticclub.com\/wp-content\/uploads\/2022\/03\/cropped-descarga-1.png","width":225,"height":118,"caption":"Boombastic club"},"image":{"@id":"https:\/\/boombasticclub.com\/#\/schema\/logo\/image\/"}}]}},"_links":{"self":[{"href":"https:\/\/boombasticclub.com\/index.php?rest_route=\/wp\/v2\/pages\/17","targetHints":{"allow":["GET"]}}],"collection":[{"href":"https:\/\/boombasticclub.com\/index.php?rest_route=\/wp\/v2\/pages"}],"about":[{"href":"https:\/\/boombasticclub.com\/index.php?rest_route=\/wp\/v2\/types\/page"}],"author":[{"embeddable":true,"href":"https:\/\/boombasticclub.com\/index.php?rest_route=\/wp\/v2\/users\/1"}],"replies":[{"embeddable":true,"href":"https:\/\/boombasticclub.com\/index.php?rest_route=%2Fwp%2Fv2%2Fcomments&post=17"}],"version-history":[{"count":7,"href":"https:\/\/boombasticclub.com\/index.php?rest_route=\/wp\/v2\/pages\/17\/revisions"}],"predecessor-version":[{"id":1732,"href":"https:\/\/boombasticclub.com\/index.php?rest_route=\/wp\/v2\/pages\/17\/revisions\/1732"}],"wp:featuredmedia":[{"embeddable":true,"href":"https:\/\/boombasticclub.com\/index.php?rest_route=\/wp\/v2\/media\/1630"}],"wp:attachment":[{"href":"https:\/\/boombasticclub.com\/index.php?rest_route=%2Fwp%2Fv2%2Fmedia&parent=17"}],"curies":[{"name":"wp","href":"https:\/\/api.w.org\/{rel}","templated":true}]}}